

{"id":2040,"date":"2014-07-14T22:58:20","date_gmt":"2014-07-14T22:58:20","guid":{"rendered":"http:\/\/demo.athemes.com\/moesia\/?page_id=2040"},"modified":"2019-07-30T20:23:04","modified_gmt":"2019-07-31T00:23:04","slug":"front-page","status":"publish","type":"page","link":"http:\/\/www.edocapital.com\/fr\/","title":{"rendered":"Front Page"},"content":{"rendered":"<p>ed\u014d Capital est un fonds de capital d\u2019amor\u00e7age priv\u00e9 qui soutient les acteurs et les entrepreneurs de l\u2019alimentation durable et responsable. Nous offrons de l\u2019assistance en mati\u00e8re de capital financier, de recrutement, de gestion des op\u00e9rations et de marketing, notre mission est d\u2019aider les entrepreneurs dans la croissance de leurs entreprises.<\/p>","protected":false},"excerpt":{"rendered":"<p>ed\u014d Capital est un fonds de capital d\u2019amor\u00e7age priv\u00e9 qui soutient les acteurs et les entrepreneurs de l\u2019alimentation durable et&#8230;<\/p>\n","protected":false},"author":2,"featured_media":0,"parent":0,"menu_order":0,"comment_status":"open","ping_status":"closed","template":"homepage2.php","meta":{"footnotes":""},"class_list":["post-2040","page","type-page","status-publish","hentry"],"yoast_head":"<!-- This site is optimized with the Yoast SEO plugin v26.9 - https:\/\/yoast.com\/product\/yoast-seo-wordpress\/ -->\n<title>ed\u014d Capital - Empowering sustainable food innovators<\/title>\n<meta name=\"description\" content=\"ed\u014d Capital is an early stage private equity firm that partners with entrepreneurs in the Sustainable Food Systems &amp; Technologies space.\" \/>\n<meta name=\"robots\" content=\"index, follow, max-snippet:-1, max-image-preview:large, max-video-preview:-1\" \/>\n<link rel=\"canonical\" href=\"http:\/\/www.edocapital.com\/en\/\" \/>\n<meta property=\"og:locale\" content=\"fr_FR\" \/>\n<meta property=\"og:type\" content=\"article\" \/>\n<meta property=\"og:title\" content=\"ed\u014d Capital - Empowering sustainable food innovators\" \/>\n<meta property=\"og:description\" content=\"ed\u014d Capital is an early stage private equity firm that partners with entrepreneurs in the Sustainable Food Systems &amp; Technologies space.\" \/>\n<meta property=\"og:url\" content=\"http:\/\/www.edocapital.com\/en\/\" \/>\n<meta property=\"og:site_name\" content=\"ed\u014d Capital\" \/>\n<meta property=\"article:modified_time\" content=\"2019-07-31T00:23:04+00:00\" \/>\n<meta name=\"twitter:label1\" content=\"Dur\u00e9e de lecture estim\u00e9e\" \/>\n\t<meta name=\"twitter:data1\" content=\"1 minute\" \/>\n<script type=\"application\/ld+json\" class=\"yoast-schema-graph\">{\"@context\":\"https:\/\/schema.org\",\"@graph\":[{\"@type\":\"WebPage\",\"@id\":\"http:\/\/www.edocapital.com\/en\/\",\"url\":\"http:\/\/www.edocapital.com\/en\/\",\"name\":\"ed\u014d Capital - Empowering sustainable food innovators\",\"isPartOf\":{\"@id\":\"http:\/\/www.edocapital.com\/en\/#website\"},\"datePublished\":\"2014-07-14T22:58:20+00:00\",\"dateModified\":\"2019-07-31T00:23:04+00:00\",\"description\":\"ed\u014d Capital is an early stage private equity firm that partners with entrepreneurs in the Sustainable Food Systems & Technologies space.\",\"breadcrumb\":{\"@id\":\"http:\/\/www.edocapital.com\/en\/#breadcrumb\"},\"inLanguage\":\"fr-FR\",\"potentialAction\":[{\"@type\":\"ReadAction\",\"target\":[\"http:\/\/www.edocapital.com\/en\/\"]}]},{\"@type\":\"BreadcrumbList\",\"@id\":\"http:\/\/www.edocapital.com\/en\/#breadcrumb\",\"itemListElement\":[{\"@type\":\"ListItem\",\"position\":1,\"name\":\"Home\",\"item\":\"http:\/\/www.edocapital.com\/en\/\"},{\"@type\":\"ListItem\",\"position\":2,\"name\":\"Front Page\"}]},{\"@type\":\"WebSite\",\"@id\":\"http:\/\/www.edocapital.com\/en\/#website\",\"url\":\"http:\/\/www.edocapital.com\/en\/\",\"name\":\"ed\u014d Capital\",\"description\":\"Empowering sustainable food innovators\",\"potentialAction\":[{\"@type\":\"SearchAction\",\"target\":{\"@type\":\"EntryPoint\",\"urlTemplate\":\"http:\/\/www.edocapital.com\/en\/?s={search_term_string}\"},\"query-input\":{\"@type\":\"PropertyValueSpecification\",\"valueRequired\":true,\"valueName\":\"search_term_string\"}}],\"inLanguage\":\"fr-FR\"}]}<\/script>\n<!-- \/ Yoast SEO plugin. -->","yoast_head_json":{"title":"ed\u014d Capital - Empowering sustainable food innovators","description":"ed\u014d Capital is an early stage private equity firm that partners with entrepreneurs in the Sustainable Food Systems & Technologies space.","robots":{"index":"index","follow":"follow","max-snippet":"max-snippet:-1","max-image-preview":"max-image-preview:large","max-video-preview":"max-video-preview:-1"},"canonical":"http:\/\/www.edocapital.com\/en\/","og_locale":"fr_FR","og_type":"article","og_title":"ed\u014d Capital - Empowering sustainable food innovators","og_description":"ed\u014d Capital is an early stage private equity firm that partners with entrepreneurs in the Sustainable Food Systems & Technologies space.","og_url":"http:\/\/www.edocapital.com\/en\/","og_site_name":"ed\u014d Capital","article_modified_time":"2019-07-31T00:23:04+00:00","twitter_misc":{"Dur\u00e9e de lecture estim\u00e9e":"1 minute"},"schema":{"@context":"https:\/\/schema.org","@graph":[{"@type":"WebPage","@id":"http:\/\/www.edocapital.com\/en\/","url":"http:\/\/www.edocapital.com\/en\/","name":"ed\u014d Capital - Empowering sustainable food innovators","isPartOf":{"@id":"http:\/\/www.edocapital.com\/en\/#website"},"datePublished":"2014-07-14T22:58:20+00:00","dateModified":"2019-07-31T00:23:04+00:00","description":"ed\u014d Capital is an early stage private equity firm that partners with entrepreneurs in the Sustainable Food Systems & Technologies space.","breadcrumb":{"@id":"http:\/\/www.edocapital.com\/en\/#breadcrumb"},"inLanguage":"fr-FR","potentialAction":[{"@type":"ReadAction","target":["http:\/\/www.edocapital.com\/en\/"]}]},{"@type":"BreadcrumbList","@id":"http:\/\/www.edocapital.com\/en\/#breadcrumb","itemListElement":[{"@type":"ListItem","position":1,"name":"Home","item":"http:\/\/www.edocapital.com\/en\/"},{"@type":"ListItem","position":2,"name":"Front Page"}]},{"@type":"WebSite","@id":"http:\/\/www.edocapital.com\/en\/#website","url":"http:\/\/www.edocapital.com\/en\/","name":"ed\u014d Capital","description":"Empowering sustainable food innovators","potentialAction":[{"@type":"SearchAction","target":{"@type":"EntryPoint","urlTemplate":"http:\/\/www.edocapital.com\/en\/?s={search_term_string}"},"query-input":{"@type":"PropertyValueSpecification","valueRequired":true,"valueName":"search_term_string"}}],"inLanguage":"fr-FR"}]}},"_links":{"self":[{"href":"http:\/\/www.edocapital.com\/fr\/wp-json\/wp\/v2\/pages\/2040","targetHints":{"allow":["GET"]}}],"collection":[{"href":"http:\/\/www.edocapital.com\/fr\/wp-json\/wp\/v2\/pages"}],"about":[{"href":"http:\/\/www.edocapital.com\/fr\/wp-json\/wp\/v2\/types\/page"}],"author":[{"embeddable":true,"href":"http:\/\/www.edocapital.com\/fr\/wp-json\/wp\/v2\/users\/2"}],"replies":[{"embeddable":true,"href":"http:\/\/www.edocapital.com\/fr\/wp-json\/wp\/v2\/comments?post=2040"}],"version-history":[{"count":6,"href":"http:\/\/www.edocapital.com\/fr\/wp-json\/wp\/v2\/pages\/2040\/revisions"}],"predecessor-version":[{"id":2960,"href":"http:\/\/www.edocapital.com\/fr\/wp-json\/wp\/v2\/pages\/2040\/revisions\/2960"}],"wp:attachment":[{"href":"http:\/\/www.edocapital.com\/fr\/wp-json\/wp\/v2\/media?parent=2040"}],"curies":[{"name":"wp","href":"https:\/\/api.w.org\/{rel}","templated":true}]}}